{"id":7585,"date":"2022-04-14T14:17:29","date_gmt":"2022-04-14T14:17:29","guid":{"rendered":"https:\/\/izleloetterem.hu\/hazhozszallitas\/?post_type=product&#038;p=7585"},"modified":"2022-04-21T17:31:38","modified_gmt":"2022-04-21T17:31:38","slug":"rantott-csirkemell-vegyes-korettel-csutortok","status":"publish","type":"product","link":"https:\/\/izleloetterem.hu\/hazhozszallitas\/termek\/rantott-csirkemell-vegyes-korettel-csutortok\/","title":{"rendered":"R\u00e1ntott csirkemell vegyes k\u00f6rettel-Cs\u00fct\u00f6rt\u00f6k"},"content":{"rendered":"","protected":false},"excerpt":{"rendered":"","protected":false},"featured_media":0,"comment_status":"closed","ping_status":"closed","template":"","meta":[],"_links":{"self":[{"href":"https:\/\/izleloetterem.hu\/hazhozszallitas\/wp-json\/wp\/v2\/product\/7585"}],"collection":[{"href":"https:\/\/izleloetterem.hu\/hazhozszallitas\/wp-json\/wp\/v2\/product"}],"about":[{"href":"https:\/\/izleloetterem.hu\/hazhozszallitas\/wp-json\/wp\/v2\/types\/product"}],"replies":[{"embeddable":true,"href":"https:\/\/izleloetterem.hu\/hazhozszallitas\/wp-json\/wp\/v2\/comments?post=7585"}],"wp:attachment":[{"href":"https:\/\/izleloetterem.hu\/hazhozszallitas\/wp-json\/wp\/v2\/media?parent=7585"}],"curies":[{"name":"wp","href":"https:\/\/api.w.org\/{rel}","templated":true}]}}