{"id":7366,"date":"2022-03-18T09:06:17","date_gmt":"2022-03-18T09:06:17","guid":{"rendered":"https:\/\/izleloetterem.hu\/hazhozszallitas\/?post_type=product&#038;p=7366"},"modified":"2022-03-24T16:29:34","modified_gmt":"2022-03-24T16:29:34","slug":"adj-egy-menut-ajandekba-ukran-menekulteknek-4","status":"publish","type":"product","link":"https:\/\/izleloetterem.hu\/hazhozszallitas\/termek\/adj-egy-menut-ajandekba-ukran-menekulteknek-4\/","title":{"rendered":"Adj egy men\u00fct aj\u00e1nd\u00e9kba ukr\u00e1n menek\u00fclteknek"},"content":{"rendered":"","protected":false},"excerpt":{"rendered":"","protected":false},"featured_media":0,"comment_status":"closed","ping_status":"closed","template":"","meta":[],"_links":{"self":[{"href":"https:\/\/izleloetterem.hu\/hazhozszallitas\/wp-json\/wp\/v2\/product\/7366"}],"collection":[{"href":"https:\/\/izleloetterem.hu\/hazhozszallitas\/wp-json\/wp\/v2\/product"}],"about":[{"href":"https:\/\/izleloetterem.hu\/hazhozszallitas\/wp-json\/wp\/v2\/types\/product"}],"replies":[{"embeddable":true,"href":"https:\/\/izleloetterem.hu\/hazhozszallitas\/wp-json\/wp\/v2\/comments?post=7366"}],"wp:attachment":[{"href":"https:\/\/izleloetterem.hu\/hazhozszallitas\/wp-json\/wp\/v2\/media?parent=7366"}],"curies":[{"name":"wp","href":"https:\/\/api.w.org\/{rel}","templated":true}]}}