{"id":7364,"date":"2022-03-18T09:04:41","date_gmt":"2022-03-18T09:04:41","guid":{"rendered":"https:\/\/izleloetterem.hu\/hazhozszallitas\/?post_type=product&#038;p=7364"},"modified":"2022-04-21T17:29:22","modified_gmt":"2022-04-21T17:29:22","slug":"adj-egy-menut-ajandekba-ukran-menekulteknek-2","status":"publish","type":"product","link":"https:\/\/izleloetterem.hu\/hazhozszallitas\/termek\/adj-egy-menut-ajandekba-ukran-menekulteknek-2\/","title":{"rendered":"Adj egy men\u00fct aj\u00e1nd\u00e9kba ukr\u00e1n menek\u00fclteknek"},"content":{"rendered":"","protected":false},"excerpt":{"rendered":"","protected":false},"featured_media":0,"comment_status":"closed","ping_status":"closed","template":"","meta":[],"_links":{"self":[{"href":"https:\/\/izleloetterem.hu\/hazhozszallitas\/wp-json\/wp\/v2\/product\/7364"}],"collection":[{"href":"https:\/\/izleloetterem.hu\/hazhozszallitas\/wp-json\/wp\/v2\/product"}],"about":[{"href":"https:\/\/izleloetterem.hu\/hazhozszallitas\/wp-json\/wp\/v2\/types\/product"}],"replies":[{"embeddable":true,"href":"https:\/\/izleloetterem.hu\/hazhozszallitas\/wp-json\/wp\/v2\/comments?post=7364"}],"wp:attachment":[{"href":"https:\/\/izleloetterem.hu\/hazhozszallitas\/wp-json\/wp\/v2\/media?parent=7364"}],"curies":[{"name":"wp","href":"https:\/\/api.w.org\/{rel}","templated":true}]}}