{"id":5034,"date":"2021-06-21T09:03:04","date_gmt":"2021-06-21T09:03:04","guid":{"rendered":"https:\/\/izleloetterem.hu\/hazhozszallitas\/?post_type=product&#038;p=5034"},"modified":"2021-07-16T12:59:07","modified_gmt":"2021-07-16T12:59:07","slug":"szombati-menu-2","status":"publish","type":"product","link":"https:\/\/izleloetterem.hu\/hazhozszallitas\/termek\/szombati-menu-2\/","title":{"rendered":"Helyben fogyaszthat\u00f3"},"content":{"rendered":"","protected":false},"excerpt":{"rendered":"<p>Az allerg\u00e9nekr\u0151l a r\u00e9szletes le\u00edr\u00e1st n\u00e9zd meg az adott \u00e9tel adatlapj\u00e1n.<\/p>\n","protected":false},"featured_media":0,"comment_status":"open","ping_status":"closed","template":"","meta":[],"_links":{"self":[{"href":"https:\/\/izleloetterem.hu\/hazhozszallitas\/wp-json\/wp\/v2\/product\/5034"}],"collection":[{"href":"https:\/\/izleloetterem.hu\/hazhozszallitas\/wp-json\/wp\/v2\/product"}],"about":[{"href":"https:\/\/izleloetterem.hu\/hazhozszallitas\/wp-json\/wp\/v2\/types\/product"}],"replies":[{"embeddable":true,"href":"https:\/\/izleloetterem.hu\/hazhozszallitas\/wp-json\/wp\/v2\/comments?post=5034"}],"wp:attachment":[{"href":"https:\/\/izleloetterem.hu\/hazhozszallitas\/wp-json\/wp\/v2\/media?parent=5034"}],"curies":[{"name":"wp","href":"https:\/\/api.w.org\/{rel}","templated":true}]}}