{"id":3240,"date":"2021-02-02T08:59:48","date_gmt":"2021-02-02T08:59:48","guid":{"rendered":"https:\/\/izleloetterem.hu\/hazhozszallitas\/?post_type=product&#038;p=3240"},"modified":"2021-03-20T08:38:57","modified_gmt":"2021-03-20T08:38:57","slug":"online-palinkakostolo","status":"publish","type":"product","link":"https:\/\/izleloetterem.hu\/hazhozszallitas\/termek\/online-palinkakostolo\/","title":{"rendered":"Online p\u00e1linkak\u00f3stol\u00f3"},"content":{"rendered":"<p>M\u00e1rcius 20: 18.00<\/p>\n<p>&nbsp;<\/p>\n<p>&nbsp;<\/p>\n","protected":false},"excerpt":{"rendered":"<p>M\u00e1rcius 20: 18.00 &nbsp; &nbsp;<\/p>\n","protected":false},"featured_media":0,"comment_status":"open","ping_status":"closed","template":"","meta":[],"_links":{"self":[{"href":"https:\/\/izleloetterem.hu\/hazhozszallitas\/wp-json\/wp\/v2\/product\/3240"}],"collection":[{"href":"https:\/\/izleloetterem.hu\/hazhozszallitas\/wp-json\/wp\/v2\/product"}],"about":[{"href":"https:\/\/izleloetterem.hu\/hazhozszallitas\/wp-json\/wp\/v2\/types\/product"}],"replies":[{"embeddable":true,"href":"https:\/\/izleloetterem.hu\/hazhozszallitas\/wp-json\/wp\/v2\/comments?post=3240"}],"wp:attachment":[{"href":"https:\/\/izleloetterem.hu\/hazhozszallitas\/wp-json\/wp\/v2\/media?parent=3240"}],"curies":[{"name":"wp","href":"https:\/\/api.w.org\/{rel}","templated":true}]}}