{"id":171,"date":"2020-03-17T17:25:46","date_gmt":"2020-03-17T17:25:46","guid":{"rendered":"http:\/\/www.rotterart.hu\/munka\/etterem\/?page_id=171"},"modified":"2020-04-14T07:13:21","modified_gmt":"2020-04-14T07:13:21","slug":"szallitasi-es-fizetesi-informaciok","status":"publish","type":"page","link":"https:\/\/izleloetterem.hu\/hazhozszallitas\/szallitasi-es-fizetesi-informaciok\/","title":{"rendered":"Sz\u00e1ll\u00edt\u00e1si \u00e9s fizet\u00e9si inform\u00e1ci\u00f3k"},"content":{"rendered":"\t\t<div data-elementor-type=\"wp-page\" data-elementor-id=\"171\" class=\"elementor elementor-171\" data-elementor-settings=\"[]\">\n\t\t\t<div class=\"elementor-inner\">\n\t\t\t\t<div class=\"elementor-section-wrap\">\n\t\t\t\t\t\t\t<section class=\"elementor-element elementor-element-187577d elementor-section-boxed elementor-section-height-default elementor-section-height-default elementor-section elementor-top-section\" data-id=\"187577d\" data-element_type=\"section\">\n\t\t\t\t\t\t<div class=\"elementor-container elementor-column-gap-default\">\n\t\t\t\t<div class=\"elementor-row\">\n\t\t\t\t<div class=\"elementor-element elementor-element-b07dfb4 elementor-column elementor-col-100 elementor-top-column\" data-id=\"b07dfb4\" data-element_type=\"column\">\n\t\t\t<div class=\"elementor-column-wrap  elementor-element-populated\">\n\t\t\t\t\t<div class=\"elementor-widget-wrap\">\n\t\t\t\t<div class=\"elementor-element elementor-element-6bec858 elementor-widget elementor-widget-heading\" data-id=\"6bec858\" data-element_type=\"widget\" data-widget_type=\"heading.default\">\n\t\t\t\t<div class=\"elementor-widget-container\">\n\t\t\t<h2 class=\"elementor-heading-title elementor-size-default\"><h2 data-elementor-setting-key=\"title\" data-pen-placeholder=\"Ide \u00edrj...\" style=\"font-variant-ligatures: normal; font-variant-caps: normal; font-family: Roboto, sans-serif; font-size: 50px; font-style: normal; color: rgb(84, 89, 95); text-align: center;\">SZ\u00c1LL\u00cdT\u00c1SI \u00c9S FIZET\u00c9SI INFORM\u00c1CI\u00d3K<\/h2><\/h2>\t\t<\/div>\n\t\t\t\t<\/div>\n\t\t\t\t<div class=\"elementor-element elementor-element-f91f804 elementor-widget elementor-widget-heading\" data-id=\"f91f804\" data-element_type=\"widget\" data-widget_type=\"heading.default\">\n\t\t\t\t<div class=\"elementor-widget-container\">\n\t\t\t<h2 class=\"elementor-heading-title elementor-size-default\">H\u00c1ZHOZ SZ\u00c1LL\u00cdT\u00c1SI INFORM\u00c1CI\u00d3K<\/h2>\t\t<\/div>\n\t\t\t\t<\/div>\n\t\t\t\t<div class=\"elementor-element elementor-element-e5b90b5 elementor-widget elementor-widget-text-editor\" data-id=\"e5b90b5\" data-element_type=\"widget\" data-widget_type=\"text-editor.default\">\n\t\t\t\t<div class=\"elementor-widget-container\">\n\t\t\t\t\t<div class=\"elementor-text-editor elementor-clearfix\"><p style=\"font-variant-ligatures: normal; font-variant-caps: normal; font-family: Roboto, sans-serif; font-size: 20px; font-style: normal; font-weight: 400;\">Megrendel\u00e9s\u00e9t fut\u00e1raink h\u00e1zhoz sz\u00e1ll\u00edtj\u00e1k. Miut\u00e1n az oldalunkon kiv\u00e1lasztja az \u00e9telt a p\u00e9nzt\u00e1rn\u00e1l a \u201eRendel\u00e9s jegyzetek\u201d rovatban jelezheti, ha \u00e9rint\u00e9smentes \u00e1tad\u00e1st k\u00e9r. K\u00e9rj\u00fck, itt jelezze, hogy fut\u00e1runk pontosan hova k\u00e9zbes\u00edtse az \u00e9telt. <br \/>Kisz\u00e1ll\u00edt\u00e1s h\u00e9tf\u0151t\u0151l szombatig 11.00 \u00e9s 15.00 \u00f3ra k\u00f6z\u00f6tt. A napi men\u00fc rendel\u00e9s\u00e9nek lead\u00e1si hat\u00e1rideje 14:30, az ezut\u00e1n leadott rendel\u00e9seket nem \u00e1ll m\u00f3dunkban kisz\u00e1ll\u00edtani. <\/p><\/div>\n\t\t\t\t<\/div>\n\t\t\t\t<\/div>\n\t\t\t\t<div class=\"elementor-element elementor-element-cb52e17 elementor-widget elementor-widget-heading\" data-id=\"cb52e17\" data-element_type=\"widget\" data-widget_type=\"heading.default\">\n\t\t\t\t<div class=\"elementor-widget-container\">\n\t\t\t<h2 class=\"elementor-heading-title elementor-size-default\">H\u00c1ZHOZSZ\u00c1LL\u00cdT\u00c1S D\u00cdJA<\/h2>\t\t<\/div>\n\t\t\t\t<\/div>\n\t\t\t\t<div class=\"elementor-element elementor-element-ecf5f38 elementor-widget elementor-widget-text-editor\" data-id=\"ecf5f38\" data-element_type=\"widget\" data-widget_type=\"text-editor.default\">\n\t\t\t\t<div class=\"elementor-widget-container\">\n\t\t\t\t\t<div class=\"elementor-text-editor elementor-clearfix\"><p style=\"font-variant-ligatures: normal; font-variant-caps: normal; font-family: Roboto, sans-serif; font-size: 20px; font-style: normal; font-weight: 400;\">A h\u00e1zhozsz\u00e1ll\u00edt\u00e1s d\u00edja a k\u00f6vetkez\u0151k\u00e9pp alakul: <br \/>\u2013 Minimum rendel\u00e9si \u00e9rt\u00e9k: 1.890 Ft <br \/>\u2013 A minimum rendel\u00e9si \u00e9rt\u00e9k el\u00e9r\u00e9se eset\u00e9n a k\u00f6vetkez\u0151 ker\u00fcletekbe ingyenesen sz\u00e1ll\u00edtunk:<br \/>I., II. (R\u00f3zsadomb, Pasar\u00e9t) V., VI., VII., VIII. IX., XI., XII., XIII. (csak \u00dajlip\u00f3tv\u00e1ros \u00e9s L\u0151port\u00e1rd\u0171l\u0151) ker\u00fclet<br \/>Az al\u00e1bbi helysz\u00ednekre is sz\u00e1ll\u00edtunk: Buda\u00f6rs, Di\u00f3sd, T\u00f6r\u00f6kb\u00e1lint. Sz\u00e1ll\u00edt\u00e1si d\u00edj: 1500 Ft<\/p><\/div>\n\t\t\t\t<\/div>\n\t\t\t\t<\/div>\n\t\t\t\t<div class=\"elementor-element elementor-element-142c180 elementor-widget elementor-widget-heading\" data-id=\"142c180\" data-element_type=\"widget\" data-widget_type=\"heading.default\">\n\t\t\t\t<div class=\"elementor-widget-container\">\n\t\t\t<h2 class=\"elementor-heading-title elementor-size-default\">FIZET\u00c9SI MEGOLD\u00c1SAINK<\/h2>\t\t<\/div>\n\t\t\t\t<\/div>\n\t\t\t\t<div class=\"elementor-element elementor-element-f8c4b7c elementor-widget elementor-widget-heading\" data-id=\"f8c4b7c\" data-element_type=\"widget\" data-widget_type=\"heading.default\">\n\t\t\t\t<div class=\"elementor-widget-container\">\n\t\t\t<h2 class=\"elementor-heading-title elementor-size-default\">Bankk\u00e1rty\u00e1s fizet\u00e9s<\/h2>\t\t<\/div>\n\t\t\t\t<\/div>\n\t\t\t\t<div class=\"elementor-element elementor-element-14a84a1 elementor-widget elementor-widget-text-editor\" data-id=\"14a84a1\" data-element_type=\"widget\" data-widget_type=\"text-editor.default\">\n\t\t\t\t<div class=\"elementor-widget-container\">\n\t\t\t\t\t<div class=\"elementor-text-editor elementor-clearfix\"><p><span style=\"font-family: Roboto, sans-serif; font-size: 20px; font-style: normal; font-variant-ligatures: normal; font-variant-caps: normal; font-weight: 400;\">Rendel\u00e9sedet a leggyorsabban \u00e9s legk\u00e9nyelmesebben bankk\u00e1rty\u00e1s fizet\u00e9ssel tudod kifizetni.\u00a0<\/span><span style=\"font-family: Roboto, sans-serif; font-size: 20px; font-style: normal; font-variant-ligatures: normal; font-variant-caps: normal; font-weight: 400;\">Az online bankk\u00e1rty\u00e1s fizet\u00e9sek az OTP Simple Pay \u00e9s a PayLike rendszer\u00e9n kereszt\u00fcl val\u00f3sulnak meg.<\/span><\/p><\/div>\n\t\t\t\t<\/div>\n\t\t\t\t<\/div>\n\t\t\t\t\t\t<\/div>\n\t\t\t<\/div>\n\t\t<\/div>\n\t\t\t\t\t\t<\/div>\n\t\t\t<\/div>\n\t\t<\/section>\n\t\t\t\t\t\t<\/div>\n\t\t\t<\/div>\n\t\t<\/div>\n\t\t","protected":false},"excerpt":{"rendered":"<p>SZ\u00c1LL\u00cdT\u00c1SI \u00c9S FIZET\u00c9SI INFORM\u00c1CI\u00d3K H\u00c1ZHOZ SZ\u00c1LL\u00cdT\u00c1SI INFORM\u00c1CI\u00d3K Megrendel\u00e9s\u00e9t fut\u00e1raink h\u00e1zhoz sz\u00e1ll\u00edtj\u00e1k. Miut\u00e1n az oldalunkon kiv\u00e1lasztja az \u00e9telt a p\u00e9nzt\u00e1rn\u00e1l a \u201eRendel\u00e9s jegyzetek\u201d rovatban jelezheti, ha \u00e9rint\u00e9smentes \u00e1tad\u00e1st k\u00e9r. K\u00e9rj\u00fck, itt jelezze, hogy fut\u00e1runk pontosan hova k\u00e9zbes\u00edtse az \u00e9telt. Kisz\u00e1ll\u00edt\u00e1s h\u00e9tf\u0151t\u0151l szombatig 11.00 \u00e9s 15.00 \u00f3ra k\u00f6z\u00f6tt. A napi men\u00fc rendel\u00e9s\u00e9nek lead\u00e1si hat\u00e1rideje 14:30, az ezut\u00e1n [&hellip;]<\/p>\n","protected":false},"author":1,"featured_media":0,"parent":0,"menu_order":0,"comment_status":"closed","ping_status":"closed","template":"","meta":[],"_links":{"self":[{"href":"https:\/\/izleloetterem.hu\/hazhozszallitas\/wp-json\/wp\/v2\/pages\/171"}],"collection":[{"href":"https:\/\/izleloetterem.hu\/hazhozszallitas\/wp-json\/wp\/v2\/pages"}],"about":[{"href":"https:\/\/izleloetterem.hu\/hazhozszallitas\/wp-json\/wp\/v2\/types\/page"}],"author":[{"embeddable":true,"href":"https:\/\/izleloetterem.hu\/hazhozszallitas\/wp-json\/wp\/v2\/users\/1"}],"replies":[{"embeddable":true,"href":"https:\/\/izleloetterem.hu\/hazhozszallitas\/wp-json\/wp\/v2\/comments?post=171"}],"version-history":[{"count":8,"href":"https:\/\/izleloetterem.hu\/hazhozszallitas\/wp-json\/wp\/v2\/pages\/171\/revisions"}],"predecessor-version":[{"id":844,"href":"https:\/\/izleloetterem.hu\/hazhozszallitas\/wp-json\/wp\/v2\/pages\/171\/revisions\/844"}],"wp:attachment":[{"href":"https:\/\/izleloetterem.hu\/hazhozszallitas\/wp-json\/wp\/v2\/media?parent=171"}],"curies":[{"name":"wp","href":"https:\/\/api.w.org\/{rel}","templated":true}]}}