{"id":134,"date":"2020-03-16T14:16:15","date_gmt":"2020-03-16T14:16:15","guid":{"rendered":"http:\/\/www.rotterart.hu\/munka\/etterem\/?page_id=134"},"modified":"2020-04-09T08:27:13","modified_gmt":"2020-04-09T08:27:13","slug":"szolgaltatas-bemutatasa","status":"publish","type":"page","link":"https:\/\/izleloetterem.hu\/hazhozszallitas\/szolgaltatas-bemutatasa\/","title":{"rendered":"Szolg\u00e1ltat\u00e1s bemutat\u00e1sa"},"content":{"rendered":"\t\t<div data-elementor-type=\"wp-page\" data-elementor-id=\"134\" class=\"elementor elementor-134\" data-elementor-settings=\"[]\">\n\t\t\t<div class=\"elementor-inner\">\n\t\t\t\t<div class=\"elementor-section-wrap\">\n\t\t\t\t\t\t\t<section class=\"elementor-element elementor-element-fb4a066 elementor-section-stretched elementor-hidden-phone elementor-section-boxed elementor-section-height-default elementor-section-height-default elementor-section elementor-top-section\" data-id=\"fb4a066\" data-element_type=\"section\" data-settings=\"{&quot;stretch_section&quot;:&quot;section-stretched&quot;,&quot;background_background&quot;:&quot;classic&quot;}\">\n\t\t\t\t\t\t<div class=\"elementor-container elementor-column-gap-default\">\n\t\t\t\t<div class=\"elementor-row\">\n\t\t\t\t<div class=\"elementor-element elementor-element-7ec00d1 elementor-column elementor-col-100 elementor-top-column\" data-id=\"7ec00d1\" data-element_type=\"column\">\n\t\t\t<div class=\"elementor-column-wrap  elementor-element-populated\">\n\t\t\t\t\t<div class=\"elementor-widget-wrap\">\n\t\t\t\t<div class=\"elementor-element elementor-element-2d4996a elementor-widget elementor-widget-spacer\" data-id=\"2d4996a\" data-element_type=\"widget\" data-widget_type=\"spacer.default\">\n\t\t\t\t<div class=\"elementor-widget-container\">\n\t\t\t\t\t<div class=\"elementor-spacer\">\n\t\t\t<div class=\"elementor-spacer-inner\"><\/div>\n\t\t<\/div>\n\t\t\t\t<\/div>\n\t\t\t\t<\/div>\n\t\t\t\t\t\t<\/div>\n\t\t\t<\/div>\n\t\t<\/div>\n\t\t\t\t\t\t<\/div>\n\t\t\t<\/div>\n\t\t<\/section>\n\t\t\t\t<section class=\"elementor-element elementor-element-62f30cb elementor-section-boxed elementor-section-height-default elementor-section-height-default elementor-section elementor-top-section\" data-id=\"62f30cb\" data-element_type=\"section\" data-settings=\"{&quot;background_background&quot;:&quot;classic&quot;}\">\n\t\t\t\t\t\t<div class=\"elementor-container elementor-column-gap-default\">\n\t\t\t\t<div class=\"elementor-row\">\n\t\t\t\t<div class=\"elementor-element elementor-element-fb5b3a0 elementor-column elementor-col-100 elementor-top-column\" data-id=\"fb5b3a0\" data-element_type=\"column\">\n\t\t\t<div class=\"elementor-column-wrap  elementor-element-populated\">\n\t\t\t\t\t<div class=\"elementor-widget-wrap\">\n\t\t\t\t<div class=\"elementor-element elementor-element-01a89f9 elementor-widget elementor-widget-spacer\" data-id=\"01a89f9\" data-element_type=\"widget\" data-widget_type=\"spacer.default\">\n\t\t\t\t<div class=\"elementor-widget-container\">\n\t\t\t\t\t<div class=\"elementor-spacer\">\n\t\t\t<div class=\"elementor-spacer-inner\"><\/div>\n\t\t<\/div>\n\t\t\t\t<\/div>\n\t\t\t\t<\/div>\n\t\t\t\t<div class=\"elementor-element elementor-element-94d1021 elementor-widget elementor-widget-heading\" data-id=\"94d1021\" data-element_type=\"widget\" data-widget_type=\"heading.default\">\n\t\t\t\t<div class=\"elementor-widget-container\">\n\t\t\t<h2 class=\"elementor-heading-title elementor-size-default\">Kedves vend\u00e9geink!<\/h2>\t\t<\/div>\n\t\t\t\t<\/div>\n\t\t\t\t<div class=\"elementor-element elementor-element-97aebcb elementor-widget elementor-widget-spacer\" data-id=\"97aebcb\" data-element_type=\"widget\" data-widget_type=\"spacer.default\">\n\t\t\t\t<div class=\"elementor-widget-container\">\n\t\t\t\t\t<div class=\"elementor-spacer\">\n\t\t\t<div class=\"elementor-spacer-inner\"><\/div>\n\t\t<\/div>\n\t\t\t\t<\/div>\n\t\t\t\t<\/div>\n\t\t\t\t<section class=\"elementor-element elementor-element-d13e348 elementor-section-boxed elementor-section-height-default elementor-section-height-default elementor-section elementor-inner-section\" data-id=\"d13e348\" data-element_type=\"section\">\n\t\t\t\t\t\t<div class=\"elementor-container elementor-column-gap-default\">\n\t\t\t\t<div class=\"elementor-row\">\n\t\t\t\t<div class=\"elementor-element elementor-element-624ead6 elementor-column elementor-col-50 elementor-inner-column\" data-id=\"624ead6\" data-element_type=\"column\" data-settings=\"{&quot;background_background&quot;:&quot;classic&quot;}\">\n\t\t\t<div class=\"elementor-column-wrap  elementor-element-populated\">\n\t\t\t\t\t<div class=\"elementor-widget-wrap\">\n\t\t\t\t<div class=\"elementor-element elementor-element-56c92a8 elementor-widget elementor-widget-image\" data-id=\"56c92a8\" data-element_type=\"widget\" data-widget_type=\"image.default\">\n\t\t\t\t<div class=\"elementor-widget-container\">\n\t\t\t\t\t<div class=\"elementor-image\">\n\t\t\t\t\t\t\t\t\t\t<img width=\"683\" height=\"1024\" src=\"https:\/\/izleloetterem.hu\/hazhozszallitas\/wp-content\/uploads\/2020\/04\/DSC_5129-683x1024.jpg\" class=\"attachment-large size-large wp-post-image\" alt=\"\" srcset=\"https:\/\/izleloetterem.hu\/hazhozszallitas\/wp-content\/uploads\/2020\/04\/DSC_5129-683x1024.jpg 683w, https:\/\/izleloetterem.hu\/hazhozszallitas\/wp-content\/uploads\/2020\/04\/DSC_5129-200x300.jpg 200w, https:\/\/izleloetterem.hu\/hazhozszallitas\/wp-content\/uploads\/2020\/04\/DSC_5129-768x1152.jpg 768w, https:\/\/izleloetterem.hu\/hazhozszallitas\/wp-content\/uploads\/2020\/04\/DSC_5129-1024x1536.jpg 1024w, https:\/\/izleloetterem.hu\/hazhozszallitas\/wp-content\/uploads\/2020\/04\/DSC_5129-1365x2048.jpg 1365w, https:\/\/izleloetterem.hu\/hazhozszallitas\/wp-content\/uploads\/2020\/04\/DSC_5129-600x900.jpg 600w, https:\/\/izleloetterem.hu\/hazhozszallitas\/wp-content\/uploads\/2020\/04\/DSC_5129-scaled.jpg 1707w\" sizes=\"(max-width: 683px) 100vw, 683px\" \/>\t\t\t\t\t\t\t\t\t\t\t<\/div>\n\t\t\t\t<\/div>\n\t\t\t\t<\/div>\n\t\t\t\t\t\t<\/div>\n\t\t\t<\/div>\n\t\t<\/div>\n\t\t\t\t<div class=\"elementor-element elementor-element-72e7358 elementor-column elementor-col-50 elementor-inner-column\" data-id=\"72e7358\" data-element_type=\"column\">\n\t\t\t<div class=\"elementor-column-wrap  elementor-element-populated\">\n\t\t\t\t\t<div class=\"elementor-widget-wrap\">\n\t\t\t\t<div class=\"elementor-element elementor-element-9d78f27 elementor-widget elementor-widget-heading\" data-id=\"9d78f27\" data-element_type=\"widget\" data-widget_type=\"heading.default\">\n\t\t\t\t<div class=\"elementor-widget-container\">\n\t\t\t<h2 class=\"elementor-heading-title elementor-size-default\">Kisz\u00e1ll\u00edt\u00e1si inf\u00f3k:\n<\/h2>\t\t<\/div>\n\t\t\t\t<\/div>\n\t\t\t\t<div class=\"elementor-element elementor-element-0194f11 elementor-widget elementor-widget-text-editor\" data-id=\"0194f11\" data-element_type=\"widget\" data-widget_type=\"text-editor.default\">\n\t\t\t\t<div class=\"elementor-widget-container\">\n\t\t\t\t\t<div class=\"elementor-text-editor elementor-clearfix\"><p><b>Heti men\u00fc:<\/b> k\u00e9rj\u00fck, el\u0151z\u0151 h\u00e9t p\u00e9ntek 15 \u00f3r\u00e1ig leadni.<\/p><p><b>Napi men\u00fc:<\/b> K\u00e9rj\u00fck, megrendel\u00e9s\u00e9t legk\u00e9s\u0151bb el\u0151z\u0151 nap 15:00-ig sz\u00edveskedjen leadni. A megrendel\u00e9seket ez ut\u00e1n is fogadjuk, de ebben az esetben nem felt\u00e9tlen\u00fcl tudjuk garant\u00e1lni a teljes men\u00fck\u00edn\u00e1latot.\u00a0<\/p><p>A sz\u00e1ll\u00edt\u00e1s d\u00edjtalan, az \u00e1rak tartalmazz\u00e1k a csomagol\u00e1s k\u00f6lts\u00e9g\u00e9t \u00e9s az \u00c1FA-t.<\/p><p>Amennyiben a megjegyz\u00e9s rovatban felt\u00fcnteti k\u00e9r\u00e9s\u00e9t, fut\u00e1runkkal nem musz\u00e1j tal\u00e1lkoznia, csak a finom fog\u00e1sokkal.<\/p><p>A k\u00f6vetkez\u0151 helyekre sz\u00e1ll\u00edtunk ki:<\/p><p>I., II., V., VI., VII., VIII. IX., XI., XII., XIII. (csak \u00dajlip\u00f3tv\u00e1ros \u00e9s L\u0151port\u00e1rd\u0171l\u0151) ker\u00fclet<br \/>Buda\u00f6rs, Di\u00f3sd, T\u00f6r\u00f6kb\u00e1lint<\/p><\/div>\n\t\t\t\t<\/div>\n\t\t\t\t<\/div>\n\t\t\t\t\t\t<\/div>\n\t\t\t<\/div>\n\t\t<\/div>\n\t\t\t\t\t\t<\/div>\n\t\t\t<\/div>\n\t\t<\/section>\n\t\t\t\t<section class=\"elementor-element elementor-element-09b8fbd elementor-reverse-mobile elementor-section-boxed elementor-section-height-default elementor-section-height-default elementor-section elementor-inner-section\" data-id=\"09b8fbd\" data-element_type=\"section\">\n\t\t\t\t\t\t<div class=\"elementor-container elementor-column-gap-default\">\n\t\t\t\t<div class=\"elementor-row\">\n\t\t\t\t<div class=\"elementor-element elementor-element-d1aa40d elementor-column elementor-col-50 elementor-inner-column\" data-id=\"d1aa40d\" data-element_type=\"column\">\n\t\t\t<div class=\"elementor-column-wrap  elementor-element-populated\">\n\t\t\t\t\t<div class=\"elementor-widget-wrap\">\n\t\t\t\t<div class=\"elementor-element elementor-element-3a49f2f elementor-widget elementor-widget-heading\" data-id=\"3a49f2f\" data-element_type=\"widget\" data-widget_type=\"heading.default\">\n\t\t\t\t<div class=\"elementor-widget-container\">\n\t\t\t<h2 class=\"elementor-heading-title elementor-size-default\">Hasznos inf\u00f3k az \u00e9tteremr\u0151l:\n<\/h2>\t\t<\/div>\n\t\t\t\t<\/div>\n\t\t\t\t<div class=\"elementor-element elementor-element-17f92df elementor-widget elementor-widget-text-editor\" data-id=\"17f92df\" data-element_type=\"widget\" data-widget_type=\"text-editor.default\">\n\t\t\t\t<div class=\"elementor-widget-container\">\n\t\t\t\t\t<div class=\"elementor-text-editor elementor-clearfix\"><p>A Hegyvid\u00e9ki \u00cdzlel\u0151 olyan \u00e9tterem, amely a vezet\u0151s\u00e9gen k\u00edv\u00fcl kiz\u00e1r\u00f3lag fogyat\u00e9kos, megv\u00e1ltozott munkak\u00e9pess\u00e9g\u0171, illetve tanul\u00e1sban akad\u00e1lyozott embereket foglalkoztat, ahol koll\u00e9g\u00e1ink \u00e9rt\u00e9kteremt\u0151 munk\u00e1t v\u00e9geznek.<br \/>\u00cdgy nem seg\u00edts\u00e9gre, t\u00e1mogat\u00e1sra szorulnak, hanem alkotnak, vend\u00e9g\u00fcl l\u00e1tnak, ez\u00e1ltal bemutatva \u00e9rt\u00e9kes k\u00e9pess\u00e9geiket. Most azonban \u00d6nre is sz\u00fcks\u00e9g\u00fcnk van! Ahhoz, hogy ezeket a munkahelyeket meg\u0151rizhess\u00fck, \u00e9s az \u00e9tterem t\u00fal\u00e9lje a v\u00e1ls\u00e1got fontos, hogy min\u00e9l t\u00f6bb helyre kisz\u00e1ll\u00edthassuk \u00edzletes fog\u00e1sainkat.<br \/>K\u00f6sz\u00f6nj\u00fck, hogy t\u0151l\u00fcnk rendeli eb\u00e9dj\u00e9t, \u00e9s ez\u00e1ltak tudatos, t\u00e1rsadalmilag felel\u0151s v\u00e1s\u00e1rl\u00f3nk.<br \/>Megrendel\u00e9s\u00e9vel most nemcsak a napi \u00e9telr\u0151l d\u00f6nt, hanem hozz\u00e1j\u00e1rul az \u00cdzlel\u0151 megment\u00e9s\u00e9hez, \u00e9s ahhoz, hogy soksz\u00edn\u0171 csapatunk \u00e1t tudja v\u00e9szelni ezt a v\u00e1ls\u00e1gos id\u0151szakot.<\/p><\/div>\n\t\t\t\t<\/div>\n\t\t\t\t<\/div>\n\t\t\t\t\t\t<\/div>\n\t\t\t<\/div>\n\t\t<\/div>\n\t\t\t\t<div class=\"elementor-element elementor-element-2bc76cb elementor-column elementor-col-50 elementor-inner-column\" data-id=\"2bc76cb\" data-element_type=\"column\" data-settings=\"{&quot;background_background&quot;:&quot;classic&quot;}\">\n\t\t\t<div class=\"elementor-column-wrap  elementor-element-populated\">\n\t\t\t\t\t<div class=\"elementor-widget-wrap\">\n\t\t\t\t<div class=\"elementor-element elementor-element-9680a96 elementor-widget elementor-widget-image\" data-id=\"9680a96\" data-element_type=\"widget\" data-widget_type=\"image.default\">\n\t\t\t\t<div class=\"elementor-widget-container\">\n\t\t\t\t\t<div class=\"elementor-image\">\n\t\t\t\t\t\t\t\t\t\t<img width=\"683\" height=\"1024\" src=\"https:\/\/izleloetterem.hu\/hazhozszallitas\/wp-content\/uploads\/2020\/04\/DSC_5053-683x1024.jpg\" class=\"attachment-large size-large wp-post-image\" alt=\"\" srcset=\"https:\/\/izleloetterem.hu\/hazhozszallitas\/wp-content\/uploads\/2020\/04\/DSC_5053-683x1024.jpg 683w, https:\/\/izleloetterem.hu\/hazhozszallitas\/wp-content\/uploads\/2020\/04\/DSC_5053-200x300.jpg 200w, https:\/\/izleloetterem.hu\/hazhozszallitas\/wp-content\/uploads\/2020\/04\/DSC_5053-768x1152.jpg 768w, https:\/\/izleloetterem.hu\/hazhozszallitas\/wp-content\/uploads\/2020\/04\/DSC_5053-1024x1536.jpg 1024w, https:\/\/izleloetterem.hu\/hazhozszallitas\/wp-content\/uploads\/2020\/04\/DSC_5053-1365x2048.jpg 1365w, https:\/\/izleloetterem.hu\/hazhozszallitas\/wp-content\/uploads\/2020\/04\/DSC_5053-600x900.jpg 600w, https:\/\/izleloetterem.hu\/hazhozszallitas\/wp-content\/uploads\/2020\/04\/DSC_5053-scaled.jpg 1707w\" sizes=\"(max-width: 683px) 100vw, 683px\" \/>\t\t\t\t\t\t\t\t\t\t\t<\/div>\n\t\t\t\t<\/div>\n\t\t\t\t<\/div>\n\t\t\t\t\t\t<\/div>\n\t\t\t<\/div>\n\t\t<\/div>\n\t\t\t\t\t\t<\/div>\n\t\t\t<\/div>\n\t\t<\/section>\n\t\t\t\t\t\t<\/div>\n\t\t\t<\/div>\n\t\t<\/div>\n\t\t\t\t\t\t<\/div>\n\t\t\t<\/div>\n\t\t<\/section>\n\t\t\t\t\t\t<\/div>\n\t\t\t<\/div>\n\t\t<\/div>\n\t\t","protected":false},"excerpt":{"rendered":"<p>Kedves vend\u00e9geink! Kisz\u00e1ll\u00edt\u00e1si inf\u00f3k: Heti men\u00fc: k\u00e9rj\u00fck, el\u0151z\u0151 h\u00e9t p\u00e9ntek 15 \u00f3r\u00e1ig leadni. Napi men\u00fc: K\u00e9rj\u00fck, megrendel\u00e9s\u00e9t legk\u00e9s\u0151bb el\u0151z\u0151 nap 15:00-ig sz\u00edveskedjen leadni. A megrendel\u00e9seket ez ut\u00e1n is fogadjuk, de ebben az esetben nem felt\u00e9tlen\u00fcl tudjuk garant\u00e1lni a teljes men\u00fck\u00edn\u00e1latot.\u00a0 A sz\u00e1ll\u00edt\u00e1s d\u00edjtalan, az \u00e1rak tartalmazz\u00e1k a csomagol\u00e1s k\u00f6lts\u00e9g\u00e9t \u00e9s az \u00c1FA-t. Amennyiben a megjegyz\u00e9s [&hellip;]<\/p>\n","protected":false},"author":2,"featured_media":0,"parent":0,"menu_order":0,"comment_status":"closed","ping_status":"closed","template":"","meta":[],"_links":{"self":[{"href":"https:\/\/izleloetterem.hu\/hazhozszallitas\/wp-json\/wp\/v2\/pages\/134"}],"collection":[{"href":"https:\/\/izleloetterem.hu\/hazhozszallitas\/wp-json\/wp\/v2\/pages"}],"about":[{"href":"https:\/\/izleloetterem.hu\/hazhozszallitas\/wp-json\/wp\/v2\/types\/page"}],"author":[{"embeddable":true,"href":"https:\/\/izleloetterem.hu\/hazhozszallitas\/wp-json\/wp\/v2\/users\/2"}],"replies":[{"embeddable":true,"href":"https:\/\/izleloetterem.hu\/hazhozszallitas\/wp-json\/wp\/v2\/comments?post=134"}],"version-history":[{"count":17,"href":"https:\/\/izleloetterem.hu\/hazhozszallitas\/wp-json\/wp\/v2\/pages\/134\/revisions"}],"predecessor-version":[{"id":672,"href":"https:\/\/izleloetterem.hu\/hazhozszallitas\/wp-json\/wp\/v2\/pages\/134\/revisions\/672"}],"wp:attachment":[{"href":"https:\/\/izleloetterem.hu\/hazhozszallitas\/wp-json\/wp\/v2\/media?parent=134"}],"curies":[{"name":"wp","href":"https:\/\/api.w.org\/{rel}","templated":true}]}}